{"id":4260,"date":"2024-04-05T11:33:57","date_gmt":"2024-04-05T09:33:57","guid":{"rendered":"https:\/\/projet24.net\/store\/?post_type=product&#038;p=4260"},"modified":"2024-05-25T16:38:48","modified_gmt":"2024-05-25T14:38:48","slug":"community-manager-pdf","status":"publish","type":"product","link":"https:\/\/projet24.net\/store\/product\/community-manager-pdf\/","title":{"rendered":"Community Manager (PDF)"},"content":{"rendered":"<p style=\"text-align: center;\">Finalisez votre achat et recevez votre livre en toute s\u00e9curit\u00e9 via votre adresse e-mail.<\/p>\n<p style=\"text-align: center;\"><span style=\"font-size: 14pt;\"><strong><em>Bonne lecture \u00e0 vous !!!<\/em><\/strong><\/span><\/p>\n","protected":false},"excerpt":{"rendered":"<p>Finalisez votre achat et recevez votre livre en toute s\u00e9curit\u00e9 via votre adresse e-mail. Bonne lecture \u00e0 vous !!!<\/p>\n","protected":false},"featured_media":4261,"template":"","meta":{"site-sidebar-layout":"default","site-content-layout":"","ast-site-content-layout":"","site-content-style":"default","site-sidebar-style":"default","ast-global-header-display":"","ast-banner-title-visibility":"","ast-main-header-display":"","ast-hfb-above-header-display":"","ast-hfb-below-header-display":"","ast-hfb-mobile-header-display":"","site-post-title":"","ast-breadcrumbs-content":"","ast-featured-img":"","footer-sml-layout":"","theme-transparent-header-meta":"","adv-header-id-meta":"","stick-header-meta":"","header-above-stick-meta":"","header-main-stick-meta":"","header-below-stick-meta":"","astra-migrate-meta-layouts":"default","ast-page-background-enabled":"default","ast-page-background-meta":{"desktop":{"background-color":"var(--ast-global-color-4)","background-image":"","background-repeat":"repeat","background-position":"center center","background-size":"auto","background-attachment":"scroll","background-type":"","background-media":"","overlay-type":"","overlay-color":"","overlay-gradient":""},"tablet":{"background-color":"","background-image":"","background-repeat":"repeat","background-position":"center center","background-size":"auto","background-attachment":"scroll","background-type":"","background-media":"","overlay-type":"","overlay-color":"","overlay-gradient":""},"mobile":{"background-color":"","background-image":"","background-repeat":"repeat","background-position":"center center","background-size":"auto","background-attachment":"scroll","background-type":"","background-media":"","overlay-type":"","overlay-color":"","overlay-gradient":""}},"ast-content-background-meta":{"desktop":{"background-color":"var(--ast-global-color-5)","background-image":"","background-repeat":"repeat","background-position":"center center","background-size":"auto","background-attachment":"scroll","background-type":"","background-media":"","overlay-type":"","overlay-color":"","overlay-gradient":""},"tablet":{"background-color":"var(--ast-global-color-5)","background-image":"","background-repeat":"repeat","background-position":"center center","background-size":"auto","background-attachment":"scroll","background-type":"","background-media":"","overlay-type":"","overlay-color":"","overlay-gradient":""},"mobile":{"background-color":"var(--ast-global-color-5)","background-image":"","background-repeat":"repeat","background-position":"center center","background-size":"auto","background-attachment":"scroll","background-type":"","background-media":"","overlay-type":"","overlay-color":"","overlay-gradient":""}}},"product_cat":[143],"product_tag":[],"_links":{"self":[{"href":"https:\/\/projet24.net\/store\/wp-json\/wp\/v2\/product\/4260"}],"collection":[{"href":"https:\/\/projet24.net\/store\/wp-json\/wp\/v2\/product"}],"about":[{"href":"https:\/\/projet24.net\/store\/wp-json\/wp\/v2\/types\/product"}],"version-history":[{"count":1,"href":"https:\/\/projet24.net\/store\/wp-json\/wp\/v2\/product\/4260\/revisions"}],"predecessor-version":[{"id":6377,"href":"https:\/\/projet24.net\/store\/wp-json\/wp\/v2\/product\/4260\/revisions\/6377"}],"wp:featuredmedia":[{"embeddable":true,"href":"https:\/\/projet24.net\/store\/wp-json\/wp\/v2\/media\/4261"}],"wp:attachment":[{"href":"https:\/\/projet24.net\/store\/wp-json\/wp\/v2\/media?parent=4260"}],"wp:term":[{"taxonomy":"product_cat","embeddable":true,"href":"https:\/\/projet24.net\/store\/wp-json\/wp\/v2\/product_cat?post=4260"},{"taxonomy":"product_tag","embeddable":true,"href":"https:\/\/projet24.net\/store\/wp-json\/wp\/v2\/product_tag?post=4260"}],"curies":[{"name":"wp","href":"https:\/\/api.w.org\/{rel}","templated":true}]}}